{"id":7813,"date":"2022-11-30T09:51:11","date_gmt":"2022-11-30T08:51:11","guid":{"rendered":"https:\/\/www.standgas-muenster.at\/?page_id=7813"},"modified":"2023-12-18T19:33:39","modified_gmt":"2023-12-18T18:33:39","slug":"2023-2","status":"publish","type":"page","link":"https:\/\/www.standgas-muenster.at\/?page_id=7813","title":{"rendered":"2023"},"content":{"rendered":"\n<p><span style=\"color: #008000; font-family: times new roman, times, serif;\"><em><strong><span style=\"font-size: 24pt;\">10.12.2023 Weihnachtsmarkt M\u00fcnster<\/span><\/strong><\/em><\/span><\/p>\nngg_shortcode_0_placeholder\n<p><span style=\"color: #008000; font-size: 24pt; font-family: times new roman, times, serif;\"><em><strong>17.11.2023 Jahreshauptversammlung<\/strong><\/em><\/span><\/p>\nngg_shortcode_1_placeholder\n<p><span style=\"font-size: 24pt; color: #008000; font-family: times new roman, times, serif;\"><em><strong>03.11.2023 Gr\u00fcnangerl Kapelle<\/strong><\/em><\/span><\/p>\nngg_shortcode_2_placeholder\n<p><em><span style=\"font-size: 24pt; color: #008000; font-family: times new roman, times, serif;\"><strong>15.10.2023 Herbstmarkt im VZ M\u00fcnster<\/strong><\/span><\/em><\/p>\nngg_shortcode_3_placeholder\n<p><span style=\"font-family: times new roman, times, serif;\"><em><strong><span style=\"font-size: 24pt; color: #008000;\">13.10.2023 Oktoberfest im Sozialzentrum M\u00fcnster<\/span><\/strong><\/em><\/span><\/p>\nngg_shortcode_4_placeholder\n<p><span style=\"font-size: 24pt; color: #008000; font-family: times new roman, times, serif;\"><em><strong>01.10.2023 Goglhof F\u00fcgen<\/strong><\/em><\/span><\/p>\nngg_shortcode_5_placeholder\n<p><span style=\"font-size: 24pt; color: #008000; font-family: times new roman, times, serif;\"><em><strong>24.09.2023 Oldtimer Treffen Buch bei Jenbach<\/strong><\/em><\/span><\/p>\nngg_shortcode_6_placeholder\n<p><span style=\"color: #008000; font-family: times new roman, times, serif; font-size: 24pt;\"><em><strong>23.09.2023 Almabtrieb Pankratzberg F\u00fcgen<\/strong><\/em><\/span><\/p>\nngg_shortcode_7_placeholder\n<p><span style=\"color: #008000; font-family: times new roman, times, serif; font-size: 24pt;\"><em><strong>17.09.2023 Bad H\u00e4ring<\/strong><\/em><\/span><\/p>\nngg_shortcode_8_placeholder\n<p><span style=\"font-size: 24pt; color: #008000; font-family: times new roman, times, serif;\"><em><strong>16.09.2023 Herbstfest Brantlhof Kramsach<\/strong><\/em><\/span><\/p>\nngg_shortcode_9_placeholder\n<p><span style=\"color: #008000; font-family: times new roman, times, serif;\"><strong><em><span style=\"font-size: 24pt;\">10.09.2023 Almabtrieb Haflingerhof Kramsach<\/span><\/em><\/strong><\/span><\/p>\nngg_shortcode_10_placeholder\n<p><span style=\"font-size: 24pt; color: #008000; font-family: times new roman, times, serif;\"><em><strong>03.09.2023 Kolsassberg<\/strong><\/em><\/span><\/p>\nngg_shortcode_11_placeholder\n<p><span style=\"font-size: 24pt; color: #008000; font-family: times new roman, times, serif;\"><em><strong>02.09.2023 Gr\u00fcnsbach Brunenfest<\/strong><\/em><\/span><\/p>\nngg_shortcode_12_placeholder\n<p><span style=\"font-size: 24pt; color: #008000; font-family: times new roman, times, serif;\"><strong><em>20.08.2023 Gern Alm Achensee<\/em><\/strong><\/span><\/p>\nngg_shortcode_13_placeholder\n<p><span style=\"font-size: 24pt; font-family: times new roman, times, serif; color: #008000;\"><em><strong>15.08.2023 Mariengarten Schlitters<\/strong><\/em><\/span><\/p>\nngg_shortcode_14_placeholder\n<p><span style=\"font-size: 24pt; font-family: times new roman, times, serif; color: #008000;\"><em><strong>13.08.2023 Falzturn Achensee<\/strong><\/em><\/span><\/p>\nngg_shortcode_15_placeholder\n<p><span style=\"font-size: 24pt; font-family: times new roman, times, serif; color: #008000;\"><em><strong>23.07.2023 Vereinsausflug nach Langenpfunzen<\/strong><\/em><\/span><\/p>\nngg_shortcode_16_placeholder\n<p><em><span style=\"font-size: 24pt; color: #008000; font-family: times new roman, times, serif;\"><strong>09.07.2023 Ausflug nach Paznaun<\/strong><\/span><\/em><\/p>\nngg_shortcode_17_placeholder\n<p><span style=\"color: #008000; font-family: times new roman, times, serif; font-size: 24pt;\"><em><strong>07.07.2023 20 Jahre Standgas M\u00fcnster<\/strong><\/em><\/span><\/p>\nngg_shortcode_18_placeholder\n<p><span style=\"font-size: 24pt; font-family: times new roman, times, serif;\"><em><strong><span style=\"color: #008000;\">02.07.2023 W\u00f6rgl<\/span><\/strong><\/em><\/span><\/p>\nngg_shortcode_19_placeholder\n<p><span style=\"color: #008000; font-family: times new roman, times, serif; font-size: 24pt;\"><em><strong>25.06.2023 Kolsassberg<\/strong><\/em><\/span><\/p>\nngg_shortcode_20_placeholder\n<p><span style=\"font-family: times new roman, times, serif;\"><em><strong><span style=\"color: #008000; font-size: 24pt;\">02.06.2023 Grillen im Vereinsheim<\/span><\/strong><\/em><\/span><\/p>\nngg_shortcode_21_placeholder\n<p><span style=\"color: #008000; font-family: times new roman, times, serif;\"><strong><em><span style=\"font-size: 24pt;\">29.05.2023 Oldtimertreffen in S\u00f6ll<\/span><\/em><\/strong><\/span><\/p>\nngg_shortcode_22_placeholder\n<p><span style=\"font-family: times new roman, times, serif; color: #008000;\"><em><strong><span style=\"font-size: 24pt;\">28.05.2023 Bruck am Ziller<\/span><\/strong><\/em><\/span><\/p>\nngg_shortcode_23_placeholder\n<p><span style=\"font-size: 24pt; font-family: times new roman, times, serif; color: #008000;\"><em><strong>21.05.2023 Rattenberg<\/strong><\/em><\/span><\/p>\nngg_shortcode_24_placeholder\n<p><span style=\"font-size: 24pt;\"><em><strong><span style=\"color: #008000; font-family: times new roman, times, serif;\">19.05.2023 Oldtimerclub Liebenau bei Standgas<\/span><\/strong><\/em><\/span><\/p>\nngg_shortcode_25_placeholder\n<p><span style=\"font-family: times new roman, times, serif;\"><strong><em><span style=\"color: #008000; font-size: 24pt;\">18.05.2023 Traktorer\u00f6ffnungsfest<\/span><\/em><\/strong><\/span><\/p>\nngg_shortcode_26_placeholder\n<p><span style=\"font-family: times new roman, times, serif; color: #008000;\"><em><strong><span style=\"font-size: 24pt;\">01.05.2023 Achenkirch<\/span><\/strong><\/em><\/span><\/p>\nngg_shortcode_27_placeholder\n<p>&nbsp;<\/p>\n<p><span style=\"color: #008000;\"><strong><em><span style=\"font-size: 24pt; font-family: times new roman, times, serif;\">26.03.2023 Genuss und Handwerksmarkt<\/span><\/em><\/strong><\/span><\/p>\nngg_shortcode_28_placeholder\n\n\n\n<p><span style=\"font-family: times new roman, times, serif; color: #008000;\"><em><strong><span style=\"font-size: 24pt;\">24.03.2023 M\u00fcllsammeltag Standgas M\u00fcnster<\/span><\/strong><\/em><\/span><\/p>\nngg_shortcode_29_placeholder\n\n\n\n<p><span style=\"font-family: times new roman, times, serif; color: #008000;\"><strong><em><span style=\"font-size: 24pt;\">03.02.2023 Schlenggltag Vereinsheim M\u00fcnster<\/span><\/em><\/strong><\/span><\/p>\nngg_shortcode_30_placeholder\n","protected":false},"excerpt":{"rendered":"<p>10.12.2023 Weihnachtsmarkt M\u00fcnster 17.11.2023 Jahreshauptversammlung 03.11.2023 Gr\u00fcnangerl Kapelle 15.10.2023 Herbstmarkt im VZ M\u00fcnster 13.10.2023 Oktoberfest im Sozialzentrum M\u00fcnster 01.10.2023 Goglhof F\u00fcgen 24.09.2023 Oldtimer Treffen Buch bei Jenbach 23.09.2023 Almabtrieb Pankratzberg F\u00fcgen 17.09.2023 Bad H\u00e4ring 16.09.2023 Herbstfest Brantlhof Kramsach 10.09.2023 Almabtrieb Haflingerhof Kramsach 03.09.2023 Kolsassberg 02.09.2023 Gr\u00fcnsbach Brunenfest 20.08.2023 Gern Alm Achensee 15.08.2023 Mariengarten Schlitters 13.08.2023&#8230;<\/p>\n","protected":false},"author":1,"featured_media":0,"parent":0,"menu_order":0,"comment_status":"closed","ping_status":"closed","template":"","meta":{"ngg_post_thumbnail":0,"footnotes":""},"class_list":["post-7813","page","type-page","status-publish","hentry"],"_links":{"self":[{"href":"https:\/\/www.standgas-muenster.at\/index.php?rest_route=\/wp\/v2\/pages\/7813","targetHints":{"allow":["GET"]}}],"collection":[{"href":"https:\/\/www.standgas-muenster.at\/index.php?rest_route=\/wp\/v2\/pages"}],"about":[{"href":"https:\/\/www.standgas-muenster.at\/index.php?rest_route=\/wp\/v2\/types\/page"}],"author":[{"embeddable":true,"href":"https:\/\/www.standgas-muenster.at\/index.php?rest_route=\/wp\/v2\/users\/1"}],"replies":[{"embeddable":true,"href":"https:\/\/www.standgas-muenster.at\/index.php?rest_route=%2Fwp%2Fv2%2Fcomments&post=7813"}],"version-history":[{"count":38,"href":"https:\/\/www.standgas-muenster.at\/index.php?rest_route=\/wp\/v2\/pages\/7813\/revisions"}],"predecessor-version":[{"id":8746,"href":"https:\/\/www.standgas-muenster.at\/index.php?rest_route=\/wp\/v2\/pages\/7813\/revisions\/8746"}],"wp:attachment":[{"href":"https:\/\/www.standgas-muenster.at\/index.php?rest_route=%2Fwp%2Fv2%2Fmedia&parent=7813"}],"curies":[{"name":"wp","href":"https:\/\/api.w.org\/{rel}","templated":true}]}}