{"id":8608,"date":"2023-10-24T11:07:43","date_gmt":"2023-10-24T10:07:43","guid":{"rendered":"https:\/\/www.standgas-muenster.at\/?page_id=8608"},"modified":"2024-12-22T17:14:08","modified_gmt":"2024-12-22T16:14:08","slug":"2024-2","status":"publish","type":"page","link":"https:\/\/www.standgas-muenster.at\/?page_id=8608","title":{"rendered":"2024"},"content":{"rendered":"\r\n<p><span style=\"color: #008000; font-size: 24pt; font-family: times new roman, times, serif;\"><em><strong>21.12.2024 Ankl\u00f6pfler im Vereinsheim<\/strong><\/em><\/span><\/p>\r\nngg_shortcode_0_placeholder\r\n<p><span style=\"color: #008000; font-size: 24pt; font-family: times new roman, times, serif;\"><em><strong>08.12.2024 Weihnachtsmarkt in M\u00fcnster<\/strong><\/em><\/span><\/p>\r\nngg_shortcode_1_placeholder\r\n<p><span style=\"color: #008000; font-size: 24pt; font-family: times new roman, times, serif;\"><em><strong>22.11.2024 Jahreshauptversammlung im Vereinsheim<\/strong><\/em><\/span><\/p>\r\nngg_shortcode_2_placeholder\r\n<p><span style=\"font-size: 24pt; font-family: times new roman, times, serif; color: #008000;\"><em><strong>08.11.2024 Andacht f\u00fcr die Verstorbenen Mitglieder<\/strong><\/em><\/span><\/p>\r\nngg_shortcode_3_placeholder\r\n<p><span style=\"color: #008000; font-size: 24pt; font-family: times new roman, times, serif;\"><em><strong>13.10.2024 Herbstmarkt M\u00fcnster<\/strong><\/em><\/span><\/p>\r\nngg_shortcode_4_placeholder\r\n<p><span style=\"color: #008000; font-size: 24pt; font-family: times new roman, times, serif;\"><em><strong>11.10.2024 Vordach neu beim Vereimsheim<\/strong><\/em><\/span><\/p>\r\nngg_shortcode_5_placeholder\r\n<p><span style=\"color: #008000; font-size: 24pt; font-family: times new roman, times, serif;\"><em><strong>04.10.2024 Oktoberfest Sozialzentrum M\u00fcnster<\/strong><\/em><\/span><\/p>\r\nngg_shortcode_6_placeholder\r\n<p><span style=\"color: #008000; font-size: 24pt; font-family: times new roman, times, serif;\"><em><strong>29.09.2024 Kirchtag Museum Kramsach<\/strong><\/em><\/span><\/p>\r\nngg_shortcode_7_placeholder\r\n<p><span style=\"color: #008000; font-size: 24pt; font-family: times new roman, times, serif;\"><em><strong>28.09.2024 Almabtrieb Pankratzberg &#8211; F\u00fcgen<\/strong><\/em><\/span><\/p>\r\nngg_shortcode_8_placeholder\r\n<p><span style=\"color: #008000; font-size: 24pt; font-family: times new roman, times, serif;\"><em><strong>21.09.2024 Almabtrieb Haaserwirt Aschau &#8211; Brandenberg<\/strong><\/em><\/span><\/p>\r\nngg_shortcode_9_placeholder\r\n<p><span style=\"color: #008000; font-size: 24pt; font-family: times new roman, times, serif;\"><em><strong>01.09.2024 Pletzach Alm Achensee<\/strong><\/em><\/span><\/p>\r\nngg_shortcode_10_placeholder\r\n<p><span style=\"color: #008000; font-size: 24pt; font-family: times new roman, times, serif;\"><em><strong>30.08.2024 Almbuschen binden im Vereinsheim<\/strong><\/em><\/span><\/p>\r\nngg_shortcode_11_placeholder\r\n<p><span style=\"color: #008000; font-size: 24pt; font-family: times new roman, times, serif;\"><em><strong>24.08.2024 Millenium-2 Kundl<\/strong><\/em><\/span><\/p>\r\nngg_shortcode_12_placeholder\r\n<p><span style=\"color: #008000; font-size: 24pt; font-family: times new roman, times, serif;\"><em><strong>15.08.2024 Mariengarten in Schlitters<\/strong><\/em><\/span><\/p>\r\nngg_shortcode_13_placeholder\r\n<p><span style=\"color: #008000; font-size: 24pt; font-family: times new roman, times, serif;\"><em><strong>04.08.2024 Wei\u00dflahn bei Terffens<\/strong><\/em><\/span><\/p>\r\nngg_shortcode_14_placeholder\r\n<p><span style=\"color: #008000; font-size: 24pt; font-family: times new roman, times, serif;\"><em><strong>27.07.2024 Hochzeit Stefan und Maria<\/strong><\/em><\/span><\/p>\r\nngg_shortcode_15_placeholder\r\n<p><span style=\"color: #008000; font-size: 24pt; font-family: times new roman, times, serif;\"><em><strong>21.07.2024 Ausfahrt nach Falzturn Achensee<\/strong><\/em><\/span><\/p>\r\nngg_shortcode_16_placeholder\r\n<p><span style=\"color: #008000; font-size: 24pt; font-family: times new roman, times, serif;\"><em><strong>20.07.2024 Traktortreffen Angerberg<\/strong><\/em><\/span><\/p>\r\nngg_shortcode_17_placeholder\r\n<p><span style=\"color: #008000; font-size: 24pt; font-family: times new roman, times, serif;\"><em><strong>14.07.2024 Ausfahrt nach W\u00f6rgl<\/strong><\/em><\/span><\/p>\r\nngg_shortcode_18_placeholder\r\n<p><span style=\"font-size: 24pt; font-family: times new roman, times, serif; color: #008000;\"><em><strong>13.07.2024 Oldtimer treffen in Stanz bei HTS<\/strong><\/em><\/span><\/p>\r\nngg_shortcode_19_placeholder\r\n<p><span style=\"font-size: 24pt; color: #008000; font-family: times new roman, times, serif;\"><em><strong>30.06.2024 Jocheralm Brandenberg<\/strong><\/em><\/span><\/p>\r\nngg_shortcode_20_placeholder\r\n<p><span style=\"font-size: 24pt; color: #008000; font-family: times new roman, times, serif;\"><em><strong>23.06.2024 Sonnwendmarkt M\u00fcnster<\/strong><\/em><\/span><\/p>\r\nngg_shortcode_21_placeholder\r\n<p><span style=\"color: #008000; font-size: 24pt; font-family: times new roman, times, serif;\"><strong><em>14.06.2024 Grillen im Vereinsheim<\/em><\/strong><\/span><\/p>\r\nngg_shortcode_22_placeholder\r\n<p><span style=\"color: #008000; font-size: 24pt; font-family: times new roman, times, serif;\"><em><strong>09.06.2024 Vatertag<\/strong><\/em><\/span><\/p>\r\nngg_shortcode_23_placeholder\r\n<p><span style=\"color: #008000; font-size: 24pt; font-family: times new roman, times, serif;\"><em><strong>06.06.2024 Ausfahrt Sozialsprengel Brixlegg<\/strong><\/em><\/span><\/p>\r\nngg_shortcode_24_placeholder\r\n<p><span style=\"color: #008000; font-size: 24pt; font-family: times new roman, times, serif;\"><em><strong>05.06.2024 Toni Schrettl 70ger<\/strong><\/em><\/span><\/p>\r\nngg_shortcode_25_placeholder\r\n<p><span style=\"color: #008000; font-size: 24pt; font-family: times new roman, times, serif;\"><em><strong>02.06.2024 Eicher Treffen in Vomp<\/strong><\/em><\/span><\/p>\r\nngg_shortcode_26_placeholder\r\n<p><span style=\"color: #008000; font-size: 24pt; font-family: times new roman, times, serif;\"><em><strong>26.05.2024 Platzlsingen in Rattenberg<\/strong><\/em><\/span><\/p>\r\nngg_shortcode_27_placeholder\r\n<p><span style=\"color: #008000; font-size: 24pt; font-family: times new roman, times, serif;\"><em><strong>20.05.2024 Traktorfest in S\u00f6ll<\/strong><\/em><\/span><\/p>\r\nngg_shortcode_28_placeholder\r\n<p><span style=\"font-size: 24pt; font-family: times new roman, times, serif;\"><em><strong><span style=\"color: #008000;\">19.05.2024 Oldtimertreffen in Bruck<\/span><\/strong><\/em><\/span><\/p>\r\nngg_shortcode_29_placeholder\r\n<p><span style=\"font-size: 24pt; font-family: times new roman, times, serif; color: #008000;\"><em><strong>09.05.2024 Traktorer\u00f6ffnungsfest M\u00fcnster<\/strong><\/em><\/span><\/p>\r\nngg_shortcode_30_placeholder\r\n<p><span style=\"font-size: 24pt; font-family: times new roman, times, serif; color: #008000;\"><em><strong>05.05.2024 Museumswelt Achensee<\/strong><\/em><\/span><\/p>\r\nngg_shortcode_31_placeholder\r\n<p><span style=\"font-size: 24pt; font-family: times new roman, times, serif; color: #008000;\"><em><strong>14.04.2024 Ausfahrt nach Kundl<\/strong><\/em><\/span><\/p>\r\nngg_shortcode_32_placeholder\r\n<p><span style=\"font-family: times new roman, times, serif; color: #008000;\"><em><strong><span style=\"font-size: 24pt;\">07.04.2024 Gasthof Schoner<\/span><\/strong><\/em><\/span><\/p>\r\nngg_shortcode_33_placeholder\r\n<p><span style=\"color: #008000;\"><em><strong><span style=\"font-size: 24pt; font-family: times new roman, times, serif;\">17.03.2024 Fr\u00fchjahrsmarkt M\u00fcnster<\/span><\/strong><\/em><\/span><\/p>\r\nngg_shortcode_34_placeholder\r\n<p><span style=\"color: #008000; font-family: times new roman, times, serif;\"><em><strong><span style=\"font-size: 24pt;\">02.02.2024 Schlenggltag im Vereinsheim<\/span><\/strong><\/em><\/span><\/p>\r\nngg_shortcode_35_placeholder\r\n","protected":false},"excerpt":{"rendered":"<p>21.12.2024 Ankl\u00f6pfler im Vereinsheim 08.12.2024 Weihnachtsmarkt in M\u00fcnster 22.11.2024 Jahreshauptversammlung im Vereinsheim 08.11.2024 Andacht f\u00fcr die Verstorbenen Mitglieder 13.10.2024 Herbstmarkt M\u00fcnster 11.10.2024 Vordach neu beim Vereimsheim 04.10.2024 Oktoberfest Sozialzentrum M\u00fcnster 29.09.2024 Kirchtag Museum Kramsach 28.09.2024 Almabtrieb Pankratzberg &#8211; F\u00fcgen 21.09.2024 Almabtrieb Haaserwirt Aschau &#8211; Brandenberg 01.09.2024 Pletzach Alm Achensee 30.08.2024 Almbuschen binden im Vereinsheim 24.08.2024&#8230;<\/p>\n","protected":false},"author":1,"featured_media":0,"parent":0,"menu_order":0,"comment_status":"closed","ping_status":"closed","template":"","meta":{"ngg_post_thumbnail":0,"footnotes":""},"class_list":["post-8608","page","type-page","status-publish","hentry"],"_links":{"self":[{"href":"https:\/\/www.standgas-muenster.at\/index.php?rest_route=\/wp\/v2\/pages\/8608","targetHints":{"allow":["GET"]}}],"collection":[{"href":"https:\/\/www.standgas-muenster.at\/index.php?rest_route=\/wp\/v2\/pages"}],"about":[{"href":"https:\/\/www.standgas-muenster.at\/index.php?rest_route=\/wp\/v2\/types\/page"}],"author":[{"embeddable":true,"href":"https:\/\/www.standgas-muenster.at\/index.php?rest_route=\/wp\/v2\/users\/1"}],"replies":[{"embeddable":true,"href":"https:\/\/www.standgas-muenster.at\/index.php?rest_route=%2Fwp%2Fv2%2Fcomments&post=8608"}],"version-history":[{"count":46,"href":"https:\/\/www.standgas-muenster.at\/index.php?rest_route=\/wp\/v2\/pages\/8608\/revisions"}],"predecessor-version":[{"id":9794,"href":"https:\/\/www.standgas-muenster.at\/index.php?rest_route=\/wp\/v2\/pages\/8608\/revisions\/9794"}],"wp:attachment":[{"href":"https:\/\/www.standgas-muenster.at\/index.php?rest_route=%2Fwp%2Fv2%2Fmedia&parent=8608"}],"curies":[{"name":"wp","href":"https:\/\/api.w.org\/{rel}","templated":true}]}}