{"id":9,"date":"2012-02-01T13:52:14","date_gmt":"2012-02-01T13:52:14","guid":{"rendered":"https:\/\/www.standgas-muenster.at\/?page_id=9"},"modified":"2026-04-18T08:16:56","modified_gmt":"2026-04-18T07:16:56","slug":"grundung","status":"publish","type":"page","link":"https:\/\/www.standgas-muenster.at\/?page_id=9","title":{"rendered":"Gr\u00fcndung"},"content":{"rendered":"<p>&nbsp;<\/p>\n<p><span style=\"text-decoration: underline;\">Hallo Traktorfans!<\/span><\/p>\n<address>&nbsp;<\/address>\n<address><span style=\"font-size: 18pt; color: #000000;\">Am Anfang waren wir nur eine Stamtischrunde im Gasthof Pension Zillertalblick<\/span><\/address>\n<address><span style=\"font-size: 18pt; color: #000000;\">in M\u00fcnster.<\/span><\/address>\n<p style=\"text-align: center;\">&nbsp;<\/p>\n<address><span style=\"font-size: 18pt; color: #000000;\">Aber dann haben wir uns entschlossen einen Verein zu gr\u00fcnden, nach langer, nach sehr<\/span><\/address>\n<address><span style=\"font-size: 18pt; color: #000000;\">langen Diskussionen und N\u00e4chten stand dann der Name fest, so wie er heute noch ist.<\/span><\/address>\n<address>&nbsp;<\/address>\n<address>&nbsp;<\/address>\n<address>&nbsp;<\/address>\n<h3>Traktorclub&nbsp;&nbsp;&nbsp;&nbsp; <span style=\"color: #ff0000;\">St<\/span>andgas <span style=\"color: #ff0000;\">M<\/span>\u00fcnster<\/h3>\n<p><a href=\"https:\/\/www.standgas-muenster.at\/wp-content\/uploads\/logo-13.jpg\"><img loading=\"lazy\" decoding=\"async\" class=\"aligncenter wp-image-425\" title=\"Logo\" src=\"https:\/\/www.standgas-muenster.at\/wp-content\/uploads\/logo-13.jpg\" alt=\"\" width=\"386\" height=\"241\" srcset=\"https:\/\/www.standgas-muenster.at\/wp-content\/uploads\/logo-13.jpg 1221w, https:\/\/www.standgas-muenster.at\/wp-content\/uploads\/logo-13-300x187.jpg 300w, https:\/\/www.standgas-muenster.at\/wp-content\/uploads\/logo-13-1024x640.jpg 1024w\" sizes=\"auto, (max-width: 386px) 100vw, 386px\" \/><\/a><\/p>\n<p>&nbsp;<\/p>\n<p>Am 03.07.2003 wurde der Name Traktorclub Standgas M\u00fcnster in der BH Kufstein<\/p>\n<p>offiziell eingetragen&nbsp;&nbsp; (Gesch\u00e4ftszahl BS-1432\/Verein)<\/p>\n<p>&nbsp;<\/p>\n<p><span style=\"text-decoration: underline;\"><strong>Eingeschriebene Gr\u00fcndungsmitglieder in der BH Kufstein<\/strong><\/span><\/p>\n<p><strong>Haidacher Robert &#8211; <\/strong>Verstorben im April 2026<\/p>\n<p><strong>Hilberger Mario<\/strong><\/p>\n<p><strong>Moser Klaus<\/strong><\/p>\n<p><strong>Unger Erwin<\/strong><\/p>\n<p>Gr\u00fcndungsmitglied war auch Franz Kashofer (Verstorben Februar 2009)<\/p>\n<p>&nbsp;<\/p>\n<p>&nbsp;<\/p>\n<p>&nbsp;<\/p>\n","protected":false},"excerpt":{"rendered":"<p>&nbsp; Hallo Traktorfans! &nbsp; Am Anfang waren wir nur eine Stamtischrunde im Gasthof Pension Zillertalblick in M\u00fcnster. &nbsp; Aber dann haben wir uns entschlossen einen Verein zu gr\u00fcnden, nach langer, nach sehr langen Diskussionen und N\u00e4chten stand dann der Name fest, so wie er heute noch ist. &nbsp; &nbsp; &nbsp; Traktorclub&nbsp;&nbsp;&nbsp;&nbsp; Standgas M\u00fcnster &nbsp; Am&#8230;<\/p>\n","protected":false},"author":1,"featured_media":0,"parent":0,"menu_order":0,"comment_status":"closed","ping_status":"closed","template":"","meta":{"ngg_post_thumbnail":0,"footnotes":""},"class_list":["post-9","page","type-page","status-publish","hentry"],"_links":{"self":[{"href":"https:\/\/www.standgas-muenster.at\/index.php?rest_route=\/wp\/v2\/pages\/9","targetHints":{"allow":["GET"]}}],"collection":[{"href":"https:\/\/www.standgas-muenster.at\/index.php?rest_route=\/wp\/v2\/pages"}],"about":[{"href":"https:\/\/www.standgas-muenster.at\/index.php?rest_route=\/wp\/v2\/types\/page"}],"author":[{"embeddable":true,"href":"https:\/\/www.standgas-muenster.at\/index.php?rest_route=\/wp\/v2\/users\/1"}],"replies":[{"embeddable":true,"href":"https:\/\/www.standgas-muenster.at\/index.php?rest_route=%2Fwp%2Fv2%2Fcomments&post=9"}],"version-history":[{"count":25,"href":"https:\/\/www.standgas-muenster.at\/index.php?rest_route=\/wp\/v2\/pages\/9\/revisions"}],"predecessor-version":[{"id":10915,"href":"https:\/\/www.standgas-muenster.at\/index.php?rest_route=\/wp\/v2\/pages\/9\/revisions\/10915"}],"wp:attachment":[{"href":"https:\/\/www.standgas-muenster.at\/index.php?rest_route=%2Fwp%2Fv2%2Fmedia&parent=9"}],"curies":[{"name":"wp","href":"https:\/\/api.w.org\/{rel}","templated":true}]}}