{"id":9894,"date":"2025-09-20T10:57:03","date_gmt":"2025-09-20T09:57:03","guid":{"rendered":"https:\/\/www.standgas-muenster.at\/?page_id=9894"},"modified":"2025-12-20T09:19:46","modified_gmt":"2025-12-20T08:19:46","slug":"2025-2","status":"publish","type":"page","link":"https:\/\/www.standgas-muenster.at\/?page_id=9894","title":{"rendered":"2025"},"content":{"rendered":"<p><span style=\"color: #008000; font-size: 24pt;\"><em><strong>21.11.2025 Jahreshauptversammlung Vereinsheim M\u00fcnster<\/strong><\/em><\/span><\/p>\n<p>ngg_shortcode_0_placeholder<span style=\"color: #008000; font-size: 24pt;\"><em><strong>03.10.2025 Basilika Marienthal Kramsach<\/strong><\/em><\/span><\/p>\n<p>ngg_shortcode_1_placeholder<span style=\"color: #008000; font-size: 24pt;\"><em><strong>28.09.2025 Kirchtag im Museum Kramsach<\/strong><\/em><\/span><\/p>\n<p>ngg_shortcode_2_placeholder<span style=\"color: #008000; font-size: 24pt;\"><em><strong>27.09.2025 Almabtrieb Pankrazberg F\u00fcgen<\/strong><\/em><\/span><\/p>\n<p>ngg_shortcode_3_placeholder<span style=\"color: #008000; font-size: 24pt;\"><em><strong>21.09.2025 OldtimerTreffen in Bad H\u00e4ring<\/strong><\/em><\/span><\/p>\n<p>ngg_shortcode_4_placeholder<span style=\"color: #008000; font-size: 24pt;\"><em><strong>20.09.2025 Almabtrieb in Brandenberg Haaserwirt<\/strong><\/em><\/span><\/p>\n<p>ngg_shortcode_5_placeholder<span style=\"color: #008000; font-size: 24pt;\"><em><strong>14.09.2025 Heimfoahrerfest Haflingerhof Kramsach<\/strong><\/em><\/span><\/p>\n<p>ngg_shortcode_6_placeholder<span style=\"color: #008000; font-size: 24pt;\"><em><strong>13.09.2025 Kirchtagsfeier beim Brandlhof Kramsach<\/strong><\/em><\/span><\/p>\n<p>ngg_shortcode_7_placeholder<span style=\"color: #008000; font-size: 24pt;\"><em><strong>07.09.2025 Hoamfohrerfest in Gallzein<\/strong><\/em><\/span><\/p>\n<p>ngg_shortcode_8_placeholder<span style=\"color: #008000; font-size: 24pt;\"><em><strong>31.08.2025 Haus steht Kopf<\/strong><\/em><\/span><\/p>\n<p>ngg_shortcode_9_placeholder<span style=\"color: #008000; font-size: 24pt;\"><em><strong>26.08.2025 beim Kropf &#8211; Simon<\/strong><\/em><\/span><\/p>\n<p>ngg_shortcode_10_placeholder<span style=\"color: #008000; font-size: 24pt;\"><em><strong>24.08.2025 Ausfahrt nach Mariastein<\/strong><\/em><\/span><\/p>\n<p>ngg_shortcode_11_placeholder<span style=\"color: #008000; font-size: 24pt;\"><em><strong>16.08.2025 Oldtimer Treffen in Kundl<\/strong><\/em><\/span><\/p>\n<p>ngg_shortcode_12_placeholder<span style=\"color: #008000; font-size: 24pt;\"><em><strong>15.08.2025 Ausflug zum Mariengarten in Schlitters<\/strong><\/em><\/span><\/p>\n<p>ngg_shortcode_13_placeholder<span style=\"color: #008000; font-size: 24pt;\"><em><strong>10.08.2025 Ausflug Gramai Achensee<\/strong><\/em><\/span><\/p>\n<p>ngg_shortcode_14_placeholder<span style=\"color: #008000; font-size: 24pt;\"><em><strong>01.08.2025 Grillen im Vereinsheim f\u00fcr die Helfer beim Fest<\/strong><\/em><\/span><\/p>\n<p>ngg_shortcode_15_placeholder<span style=\"color: #008000; font-size: 24pt;\"><em><strong>19.07.2025 Ausflug nach Maxlrain<\/strong><\/em><\/span><\/p>\n<p>ngg_shortcode_16_placeholder<span style=\"color: #008000; font-size: 24pt;\"><em><strong>12.07.2025 Nach Stans zum HTS<\/strong><\/em><\/span><\/p>\n<p>ngg_shortcode_17_placeholder<span style=\"color: #008000; font-size: 24pt;\"><em><strong>06.07.2025 Fahrt ins Blaue &#8211; Schwaz<\/strong><\/em><\/span><\/p>\n<p>ngg_shortcode_18_placeholder<span style=\"color: #008000; font-size: 24pt;\"><em><strong>19.06.2025 Ausfahrt zur Sennh\u00fctte Falzturn am Achensee<\/strong><\/em><\/span><\/p>\n<p>ngg_shortcode_19_placeholder<span style=\"color: #008000; font-size: 24pt;\"><em><strong>15.06.2025 Ausfahrt Biergarten in W\u00f6rgl<\/strong><\/em><\/span><\/p>\n<p>ngg_shortcode_20_placeholder<span style=\"color: #008000; font-size: 24pt;\"><em><strong>12.06.2025 Ausfahrt mit Sozialsprengel Brixlegg<\/strong><\/em><\/span><\/p>\n<p>ngg_shortcode_21_placeholder<span style=\"font-size: 24pt; color: #008000;\"><em><strong>09.06.2025 Oldtimer Treffen in S\u00f6ll<\/strong><\/em><\/span><\/p>\n<p>ngg_shortcode_22_placeholder<span style=\"color: #008000; font-size: 24pt;\"><em><strong>04.06.2025 Ausfahrt mit Sozialzentrum M\u00fcnster<\/strong><\/em><\/span><\/p>\n<p>ngg_shortcode_23_placeholder<span style=\"color: #008000; font-size: 24pt;\"><em><strong>29.05.2025 Traktorer\u00f6ffnungsfest<\/strong><\/em><\/span><\/p>\n<p>ngg_shortcode_24_placeholder<span style=\"color: #008000; font-size: 24pt;\"><em><strong>18.05.2025 Platzlsingen in Rattenberg<\/strong><\/em><\/span><\/p>\n<p>ngg_shortcode_25_placeholder<span style=\"color: #008000; font-size: 24pt;\"><em><strong>11.05.2025 Muttertags Ausflug<\/strong><\/em><\/span><\/p>\n<p>ngg_shortcode_26_placeholder<span style=\"color: #008000; font-size: 24pt;\"><em><strong>04.05.2025 Oldtimer Treffen Reith im Alpachtal<\/strong><\/em><\/span><\/p>\n<p>ngg_shortcode_27_placeholder<em><strong><span style=\"color: #008000; font-size: 24pt;\">01.05.2025 Maifeier in Achenkirch<\/span><\/strong><\/em><\/p>\n<p>ngg_shortcode_28_placeholder<span style=\"color: #008000; font-size: 24pt;\"><em><strong>18.04.2025 der Osterhase im Vereinsheim<\/strong><\/em><\/span><\/p>\n<p>ngg_shortcode_29_placeholder<span style=\"font-size: 24pt; color: #008000;\"><em><strong>06.04.2025 Handwerksmarkt in M\u00fcnster<\/strong><\/em><\/span><\/p>\n<p>ngg_shortcode_30_placeholder<span style=\"color: #008000; font-size: 24pt;\"><em><strong>23.03.2025 Ausfahrt nach Schwaz<\/strong><\/em><\/span><\/p>\n<p>ngg_shortcode_31_placeholder<span style=\"color: #008000; font-size: 24pt;\"><em><strong>21.03.2025 M\u00fcll Sammeln in der Gemeinde<\/strong><\/em><\/span><\/p>\n<p>ngg_shortcode_32_placeholder<span style=\"font-size: 24pt; color: #008000;\"><em><strong>01.03.2025 Fasching<\/strong><\/em><\/span><\/p>\n<p>ngg_shortcode_33_placeholder<span style=\"font-size: 24pt; color: #008000;\"><em><strong>31.01.2025 Schlenggltag im Vereinsheim<\/strong><\/em><\/span><\/p>\nngg_shortcode_34_placeholder\n","protected":false},"excerpt":{"rendered":"<p>21.11.2025 Jahreshauptversammlung Vereinsheim M\u00fcnster 03.10.2025 Basilika Marienthal Kramsach 28.09.2025 Kirchtag im Museum Kramsach 27.09.2025 Almabtrieb Pankrazberg F\u00fcgen 21.09.2025 OldtimerTreffen in Bad H\u00e4ring 20.09.2025 Almabtrieb in Brandenberg Haaserwirt 14.09.2025 Heimfoahrerfest Haflingerhof Kramsach 13.09.2025 Kirchtagsfeier beim Brandlhof Kramsach 07.09.2025 Hoamfohrerfest in Gallzein 31.08.2025 Haus steht Kopf 26.08.2025 beim Kropf &#8211; Simon 24.08.2025 Ausfahrt nach Mariastein 16.08.2025 Oldtimer&#8230;<\/p>\n","protected":false},"author":1,"featured_media":0,"parent":0,"menu_order":0,"comment_status":"closed","ping_status":"closed","template":"","meta":{"ngg_post_thumbnail":0,"footnotes":""},"class_list":["post-9894","page","type-page","status-publish","hentry"],"_links":{"self":[{"href":"https:\/\/www.standgas-muenster.at\/index.php?rest_route=\/wp\/v2\/pages\/9894","targetHints":{"allow":["GET"]}}],"collection":[{"href":"https:\/\/www.standgas-muenster.at\/index.php?rest_route=\/wp\/v2\/pages"}],"about":[{"href":"https:\/\/www.standgas-muenster.at\/index.php?rest_route=\/wp\/v2\/types\/page"}],"author":[{"embeddable":true,"href":"https:\/\/www.standgas-muenster.at\/index.php?rest_route=\/wp\/v2\/users\/1"}],"replies":[{"embeddable":true,"href":"https:\/\/www.standgas-muenster.at\/index.php?rest_route=%2Fwp%2Fv2%2Fcomments&post=9894"}],"version-history":[{"count":44,"href":"https:\/\/www.standgas-muenster.at\/index.php?rest_route=\/wp\/v2\/pages\/9894\/revisions"}],"predecessor-version":[{"id":10837,"href":"https:\/\/www.standgas-muenster.at\/index.php?rest_route=\/wp\/v2\/pages\/9894\/revisions\/10837"}],"wp:attachment":[{"href":"https:\/\/www.standgas-muenster.at\/index.php?rest_route=%2Fwp%2Fv2%2Fmedia&parent=9894"}],"curies":[{"name":"wp","href":"https:\/\/api.w.org\/{rel}","templated":true}]}}